{"id":439,"date":"2022-09-21T08:28:09","date_gmt":"2022-09-21T08:28:09","guid":{"rendered":"https:\/\/staging-muchbetter.kinsta.cloud\/?page_id=439"},"modified":"2023-08-24T16:28:56","modified_gmt":"2023-08-24T16:28:56","slug":"help","status":"publish","type":"page","link":"https:\/\/staging-muchbetter.kinsta.cloud\/it\/aiuto","title":{"rendered":"Assistenza Clienti"},"content":{"rendered":"<div data-elementor-type=\"wp-page\" data-elementor-id=\"439\" class=\"elementor elementor-439\" data-elementor-post-type=\"page\">\n\t\t\t\t<div class=\"elementor-element elementor-element-bd41bed e-flex e-con-boxed e-con e-parent\" data-id=\"bd41bed\" data-element_type=\"container\" data-e-type=\"container\" data-settings=\"{&quot;background_background&quot;:&quot;classic&quot;,&quot;_ob_use_container_extras&quot;:&quot;no&quot;}\">\n\t\t\t\t\t<div class=\"e-con-inner\">\n\t\t\t\t<div class=\"elementor-element elementor-element-8ff61cd elementor-widget elementor-widget-heading\" data-id=\"8ff61cd\" data-element_type=\"widget\" data-e-type=\"widget\" data-settings=\"{&quot;_ob_shadough_use&quot;:&quot;no&quot;}\" data-widget_type=\"heading.default\">\n\t\t\t\t<div class=\"elementor-widget-container\">\n\t\t\t\t\t<h1 class=\"elementor-heading-title elementor-size-default\">Siamo qui per aiutarti<\/h1>\t\t\t\t<\/div>\n\t\t\t\t<\/div>\n\t\t\t\t\t<\/div>\n\t\t\t\t<\/div>\n\t\t<div class=\"elementor-element elementor-element-3952c92 e-flex e-con-boxed e-con e-parent\" data-id=\"3952c92\" data-element_type=\"container\" data-e-type=\"container\" data-settings=\"{&quot;background_background&quot;:&quot;classic&quot;,&quot;_ob_use_container_extras&quot;:&quot;no&quot;}\">\n\t\t\t\t\t<div class=\"e-con-inner\">\n\t\t<div class=\"elementor-element elementor-element-48459e5 e-con-full e-flex e-con e-child\" data-id=\"48459e5\" data-element_type=\"container\" data-e-type=\"container\" data-settings=\"{&quot;_ob_use_container_extras&quot;:&quot;no&quot;}\">\n\t\t<div class=\"elementor-element elementor-element-31ce83f e-con-full e-flex e-con e-child\" data-id=\"31ce83f\" data-element_type=\"container\" data-e-type=\"container\" data-settings=\"{&quot;_ob_use_container_extras&quot;:&quot;no&quot;}\">\n\t\t\t\t<div class=\"elementor-element elementor-element-9a9737a elementor-widget elementor-widget-heading\" data-id=\"9a9737a\" data-element_type=\"widget\" data-e-type=\"widget\" data-settings=\"{&quot;_ob_shadough_use&quot;:&quot;no&quot;}\" data-widget_type=\"heading.default\">\n\t\t\t\t<div class=\"elementor-widget-container\">\n\t\t\t\t\t<h2 class=\"elementor-heading-title elementor-size-default\">Il tuo Supporto MuchBetter <\/h2>\t\t\t\t<\/div>\n\t\t\t\t<\/div>\n\t\t\t\t<div class=\"elementor-element elementor-element-187e371 elementor-widget elementor-widget-text-editor\" data-id=\"187e371\" data-element_type=\"widget\" data-e-type=\"widget\" data-settings=\"{&quot;_ob_postman_use&quot;:&quot;no&quot;,&quot;_ob_shadough_use&quot;:&quot;no&quot;}\" data-widget_type=\"text-editor.default\">\n\t\t\t\t<div class=\"elementor-widget-container\">\n\t\t\t\t\t\t\t\t\t<p>Visita il nostro Centro Assistenza per trovare le risposte alle domande pi\u00f9 frequenti.<\/p><p>Se non riesci a trovare ci\u00f2 che stai cercando nel nostro Centro assistenza, il nostro team di assistenza clienti cordiale e multilingue sar\u00e0 lieto di aiutarti. Il team \u00e8 attivo 24 ore su 24, sette giorni su sette e lavora sodo per rispondere alle domande via e-mail entro poche ore. Puoi inviare loro un&#039;e-mail o contattarli utilizzando la chat dell&#039;assistente virtuale qui sotto.<\/p>\t\t\t\t\t\t\t\t<\/div>\n\t\t\t\t<\/div>\n\t\t\t\t<\/div>\n\t\t<div class=\"elementor-element elementor-element-755a9b1 e-con-full e-flex e-con e-child\" data-id=\"755a9b1\" data-element_type=\"container\" data-e-type=\"container\" data-settings=\"{&quot;_ob_use_container_extras&quot;:&quot;no&quot;}\">\n\t\t<div class=\"elementor-element elementor-element-fe65498 e-con-full e-flex e-con e-child\" data-id=\"fe65498\" data-element_type=\"container\" data-e-type=\"container\" data-settings=\"{&quot;background_background&quot;:&quot;classic&quot;,&quot;_ob_use_container_extras&quot;:&quot;no&quot;}\">\n\t\t\t\t<div class=\"elementor-element elementor-element-8433a94 elementor-widget elementor-widget-heading\" data-id=\"8433a94\" data-element_type=\"widget\" data-e-type=\"widget\" data-settings=\"{&quot;_ob_shadough_use&quot;:&quot;no&quot;}\" data-widget_type=\"heading.default\">\n\t\t\t\t<div class=\"elementor-widget-container\">\n\t\t\t\t\t<h2 class=\"elementor-heading-title elementor-size-default\">Centro Assistenza<\/h2>\t\t\t\t<\/div>\n\t\t\t\t<\/div>\n\t\t\t\t<div class=\"elementor-element elementor-element-f2620ec elementor-widget elementor-widget-text-editor\" data-id=\"f2620ec\" data-element_type=\"widget\" data-e-type=\"widget\" data-settings=\"{&quot;_ob_postman_use&quot;:&quot;no&quot;,&quot;_ob_shadough_use&quot;:&quot;no&quot;}\" data-widget_type=\"text-editor.default\">\n\t\t\t\t<div class=\"elementor-widget-container\">\n\t\t\t\t\t\t\t\t\t<p>Visita il nostro Centro Assistenza per trovare risposte rapide alle domande pi\u00f9 frequenti.\u00a0<\/p>\t\t\t\t\t\t\t\t<\/div>\n\t\t\t\t<\/div>\n\t\t\t\t<div class=\"elementor-element elementor-element-22b75ce elementor-widget elementor-widget-button\" data-id=\"22b75ce\" data-element_type=\"widget\" data-e-type=\"widget\" data-settings=\"{&quot;_ob_butterbutton_use_it&quot;:&quot;no&quot;,&quot;_ob_shadough_use&quot;:&quot;no&quot;}\" data-widget_type=\"button.default\">\n\t\t\t\t<div class=\"elementor-widget-container\">\n\t\t\t\t\t\t\t\t\t<div class=\"elementor-button-wrapper\">\n\t\t\t\t\t<a class=\"elementor-button elementor-button-link elementor-size-md\" href=\"https:\/\/support.muchbetter.com\/hc\/en-us\">\n\t\t\t\t\t\t<span class=\"elementor-button-content-wrapper\">\n\t\t\t\t\t\t\t\t\t<span class=\"elementor-button-text\">Centro Assistenza<\/span>\n\t\t\t\t\t<\/span>\n\t\t\t\t\t<\/a>\n\t\t\t\t<\/div>\n\t\t\t\t\t\t\t\t<\/div>\n\t\t\t\t<\/div>\n\t\t\t\t<\/div>\n\t\t<div class=\"elementor-element elementor-element-8b1eee3 e-con-full e-flex e-con e-child\" data-id=\"8b1eee3\" data-element_type=\"container\" data-e-type=\"container\" data-settings=\"{&quot;background_background&quot;:&quot;classic&quot;,&quot;_ob_use_container_extras&quot;:&quot;no&quot;}\">\n\t\t\t\t<div class=\"elementor-element elementor-element-00bd679 elementor-widget elementor-widget-heading\" data-id=\"00bd679\" data-element_type=\"widget\" data-e-type=\"widget\" data-settings=\"{&quot;_ob_shadough_use&quot;:&quot;no&quot;}\" data-widget_type=\"heading.default\">\n\t\t\t\t<div class=\"elementor-widget-container\">\n\t\t\t\t\t<h2 class=\"elementor-heading-title elementor-size-default\">Inviaci una e-mail<\/h2>\t\t\t\t<\/div>\n\t\t\t\t<\/div>\n\t\t\t\t<div class=\"elementor-element elementor-element-fa9aece elementor-widget elementor-widget-text-editor\" data-id=\"fa9aece\" data-element_type=\"widget\" data-e-type=\"widget\" data-settings=\"{&quot;_ob_postman_use&quot;:&quot;no&quot;,&quot;_ob_shadough_use&quot;:&quot;no&quot;}\" data-widget_type=\"text-editor.default\">\n\t\t\t\t<div class=\"elementor-widget-container\">\n\t\t\t\t\t\t\t\t\t<p>Inviaci un'e-mail e il nostro team si impegner\u00e0 a rispondere entro poche ore.<\/p>\t\t\t\t\t\t\t\t<\/div>\n\t\t\t\t<\/div>\n\t\t\t\t<div class=\"elementor-element elementor-element-60d55d3 elementor-widget elementor-widget-button\" data-id=\"60d55d3\" data-element_type=\"widget\" data-e-type=\"widget\" data-settings=\"{&quot;_ob_butterbutton_use_it&quot;:&quot;no&quot;,&quot;_ob_shadough_use&quot;:&quot;no&quot;}\" data-widget_type=\"button.default\">\n\t\t\t\t<div class=\"elementor-widget-container\">\n\t\t\t\t\t\t\t\t\t<div class=\"elementor-button-wrapper\">\n\t\t\t\t\t<a class=\"elementor-button elementor-button-link elementor-size-md\" href=\"mailto:support@muchbetter.com\">\n\t\t\t\t\t\t<span class=\"elementor-button-content-wrapper\">\n\t\t\t\t\t\t\t\t\t<span class=\"elementor-button-text\">Inviaci una e-mail<\/span>\n\t\t\t\t\t<\/span>\n\t\t\t\t\t<\/a>\n\t\t\t\t<\/div>\n\t\t\t\t\t\t\t\t<\/div>\n\t\t\t\t<\/div>\n\t\t\t\t<\/div>\n\t\t\t\t<\/div>\n\t\t\t\t<\/div>\n\t\t\t\t\t<\/div>\n\t\t\t\t<\/div>\n\t\t\t\t<\/div>","protected":false},"excerpt":{"rendered":"<p>We&#8217;re here to help Your MuchBetter Support Visit our Help Centre to find answers to our most commonly asked questions. If you can\u2019t find what you\u2019re looking for in our Help Centre, our friendly and multi-lingual Customer Support team will be happy to help. The team is active 24 hours a day, seven days a [&hellip;]<\/p>","protected":false},"author":43,"featured_media":0,"parent":0,"menu_order":0,"comment_status":"closed","ping_status":"closed","template":"","meta":{"footnotes":""},"class_list":["post-439","page","type-page","status-publish","hentry"],"yoast_head":"<!-- This site is optimized with the Yoast SEO Premium plugin v24.5 (Yoast SEO v27.3) - https:\/\/yoast.com\/product\/yoast-seo-premium-wordpress\/ -->\n<title>We&#039;re here to help<\/title>\n<meta name=\"description\" content=\"Got a question about MuchBetter? Visit our Help Centre to find answers to our most commonly asked questions.\" \/>\n<meta name=\"robots\" content=\"index, follow, max-snippet:-1, max-image-preview:large, max-video-preview:-1\" \/>\n<link rel=\"canonical\" href=\"https:\/\/staging-muchbetter.kinsta.cloud\/it\/aiuto\" \/>\n<meta property=\"og:locale\" content=\"it_IT\" \/>\n<meta property=\"og:type\" content=\"article\" \/>\n<meta property=\"og:title\" content=\"Help\" \/>\n<meta property=\"og:description\" content=\"Got a question about MuchBetter? Visit our Help Centre to find answers to our most commonly asked questions.\" \/>\n<meta property=\"og:url\" content=\"https:\/\/staging-muchbetter.kinsta.cloud\/it\/aiuto\" \/>\n<meta property=\"og:site_name\" content=\"MuchBetter\" \/>\n<meta property=\"article:publisher\" content=\"https:\/\/www.facebook.com\/paymuchbetter\/\" \/>\n<meta property=\"article:modified_time\" content=\"2023-08-24T16:28:56+00:00\" \/>\n<meta name=\"twitter:card\" content=\"summary_large_image\" \/>\n<meta name=\"twitter:site\" content=\"@paymuchbetter\" \/>\n<meta name=\"twitter:label1\" content=\"Tempo di lettura stimato\" \/>\n\t<meta name=\"twitter:data1\" content=\"1 minuto\" \/>\n<script type=\"application\/ld+json\" class=\"yoast-schema-graph\">{\"@context\":\"https:\\\/\\\/schema.org\",\"@graph\":[{\"@type\":\"WebPage\",\"@id\":\"https:\\\/\\\/staging-muchbetter.kinsta.cloud\\\/help\",\"url\":\"https:\\\/\\\/staging-muchbetter.kinsta.cloud\\\/help\",\"name\":\"We're here to help\",\"isPartOf\":{\"@id\":\"https:\\\/\\\/staging-muchbetter.kinsta.cloud\\\/#website\"},\"datePublished\":\"2022-09-21T08:28:09+00:00\",\"dateModified\":\"2023-08-24T16:28:56+00:00\",\"description\":\"Got a question about MuchBetter? Visit our Help Centre to find answers to our most commonly asked questions.\",\"breadcrumb\":{\"@id\":\"https:\\\/\\\/staging-muchbetter.kinsta.cloud\\\/help#breadcrumb\"},\"inLanguage\":\"it-IT\",\"potentialAction\":[{\"@type\":\"ReadAction\",\"target\":[\"https:\\\/\\\/staging-muchbetter.kinsta.cloud\\\/help\"]}]},{\"@type\":\"BreadcrumbList\",\"@id\":\"https:\\\/\\\/staging-muchbetter.kinsta.cloud\\\/help#breadcrumb\",\"itemListElement\":[{\"@type\":\"ListItem\",\"position\":1,\"name\":\"Home\",\"item\":\"https:\\\/\\\/staging-muchbetter.kinsta.cloud\\\/\"},{\"@type\":\"ListItem\",\"position\":2,\"name\":\"Help\"}]},{\"@type\":\"WebSite\",\"@id\":\"https:\\\/\\\/staging-muchbetter.kinsta.cloud\\\/#website\",\"url\":\"https:\\\/\\\/staging-muchbetter.kinsta.cloud\\\/\",\"name\":\"MuchBetter - Payments Revolution\",\"description\":\"Revolutionising Payments\",\"publisher\":{\"@id\":\"https:\\\/\\\/staging-muchbetter.kinsta.cloud\\\/#organization\"},\"alternateName\":\"MuchBetter\",\"potentialAction\":[{\"@type\":\"SearchAction\",\"target\":{\"@type\":\"EntryPoint\",\"urlTemplate\":\"https:\\\/\\\/staging-muchbetter.kinsta.cloud\\\/?s={search_term_string}\"},\"query-input\":{\"@type\":\"PropertyValueSpecification\",\"valueRequired\":true,\"valueName\":\"search_term_string\"}}],\"inLanguage\":\"it-IT\"},{\"@type\":\"Organization\",\"@id\":\"https:\\\/\\\/staging-muchbetter.kinsta.cloud\\\/#organization\",\"name\":\"MuchBetter\",\"url\":\"https:\\\/\\\/staging-muchbetter.kinsta.cloud\\\/\",\"logo\":{\"@type\":\"ImageObject\",\"inLanguage\":\"it-IT\",\"@id\":\"https:\\\/\\\/staging-muchbetter.kinsta.cloud\\\/#\\\/schema\\\/logo\\\/image\\\/\",\"url\":\"https:\\\/\\\/staging-muchbetter.kinsta.cloud\\\/wp-content\\\/uploads\\\/2022\\\/07\\\/MB-logo-wordmark-new-1.svg\",\"contentUrl\":\"https:\\\/\\\/staging-muchbetter.kinsta.cloud\\\/wp-content\\\/uploads\\\/2022\\\/07\\\/MB-logo-wordmark-new-1.svg\",\"width\":76,\"height\":17,\"caption\":\"MuchBetter\"},\"image\":{\"@id\":\"https:\\\/\\\/staging-muchbetter.kinsta.cloud\\\/#\\\/schema\\\/logo\\\/image\\\/\"},\"sameAs\":[\"https:\\\/\\\/www.facebook.com\\\/paymuchbetter\\\/\",\"https:\\\/\\\/x.com\\\/paymuchbetter\",\"https:\\\/\\\/www.instagram.com\\\/paymuchbetter\\\/\",\"https:\\\/\\\/www.youtube.com\\\/channel\\\/UC77sTAhGIuqB6OWYqWzKilg\",\"https:\\\/\\\/www.linkedin.com\\\/company\\\/mir-muchbetter\\\/\",\"https:\\\/\\\/www.tiktok.com\\\/@paymuchbetter\"]}]}<\/script>\n<!-- \/ Yoast SEO Premium plugin. -->","yoast_head_json":{"title":"We're here to help","description":"Got a question about MuchBetter? Visit our Help Centre to find answers to our most commonly asked questions.","robots":{"index":"index","follow":"follow","max-snippet":"max-snippet:-1","max-image-preview":"max-image-preview:large","max-video-preview":"max-video-preview:-1"},"canonical":"https:\/\/staging-muchbetter.kinsta.cloud\/it\/aiuto","og_locale":"it_IT","og_type":"article","og_title":"Help","og_description":"Got a question about MuchBetter? Visit our Help Centre to find answers to our most commonly asked questions.","og_url":"https:\/\/staging-muchbetter.kinsta.cloud\/it\/aiuto","og_site_name":"MuchBetter","article_publisher":"https:\/\/www.facebook.com\/paymuchbetter\/","article_modified_time":"2023-08-24T16:28:56+00:00","twitter_card":"summary_large_image","twitter_site":"@paymuchbetter","twitter_misc":{"Tempo di lettura stimato":"1 minuto"},"schema":{"@context":"https:\/\/schema.org","@graph":[{"@type":"WebPage","@id":"https:\/\/staging-muchbetter.kinsta.cloud\/help","url":"https:\/\/staging-muchbetter.kinsta.cloud\/help","name":"We're here to help","isPartOf":{"@id":"https:\/\/staging-muchbetter.kinsta.cloud\/#website"},"datePublished":"2022-09-21T08:28:09+00:00","dateModified":"2023-08-24T16:28:56+00:00","description":"Got a question about MuchBetter? Visit our Help Centre to find answers to our most commonly asked questions.","breadcrumb":{"@id":"https:\/\/staging-muchbetter.kinsta.cloud\/help#breadcrumb"},"inLanguage":"it-IT","potentialAction":[{"@type":"ReadAction","target":["https:\/\/staging-muchbetter.kinsta.cloud\/help"]}]},{"@type":"BreadcrumbList","@id":"https:\/\/staging-muchbetter.kinsta.cloud\/help#breadcrumb","itemListElement":[{"@type":"ListItem","position":1,"name":"Home","item":"https:\/\/staging-muchbetter.kinsta.cloud\/"},{"@type":"ListItem","position":2,"name":"Help"}]},{"@type":"WebSite","@id":"https:\/\/staging-muchbetter.kinsta.cloud\/#website","url":"https:\/\/staging-muchbetter.kinsta.cloud\/","name":"MuchBetter - Payments Revolution","description":"Revolutionising Payments","publisher":{"@id":"https:\/\/staging-muchbetter.kinsta.cloud\/#organization"},"alternateName":"MuchBetter","potentialAction":[{"@type":"SearchAction","target":{"@type":"EntryPoint","urlTemplate":"https:\/\/staging-muchbetter.kinsta.cloud\/?s={search_term_string}"},"query-input":{"@type":"PropertyValueSpecification","valueRequired":true,"valueName":"search_term_string"}}],"inLanguage":"it-IT"},{"@type":"Organization","@id":"https:\/\/staging-muchbetter.kinsta.cloud\/#organization","name":"MuchBetter","url":"https:\/\/staging-muchbetter.kinsta.cloud\/","logo":{"@type":"ImageObject","inLanguage":"it-IT","@id":"https:\/\/staging-muchbetter.kinsta.cloud\/#\/schema\/logo\/image\/","url":"https:\/\/staging-muchbetter.kinsta.cloud\/wp-content\/uploads\/2022\/07\/MB-logo-wordmark-new-1.svg","contentUrl":"https:\/\/staging-muchbetter.kinsta.cloud\/wp-content\/uploads\/2022\/07\/MB-logo-wordmark-new-1.svg","width":76,"height":17,"caption":"MuchBetter"},"image":{"@id":"https:\/\/staging-muchbetter.kinsta.cloud\/#\/schema\/logo\/image\/"},"sameAs":["https:\/\/www.facebook.com\/paymuchbetter\/","https:\/\/x.com\/paymuchbetter","https:\/\/www.instagram.com\/paymuchbetter\/","https:\/\/www.youtube.com\/channel\/UC77sTAhGIuqB6OWYqWzKilg","https:\/\/www.linkedin.com\/company\/mir-muchbetter\/","https:\/\/www.tiktok.com\/@paymuchbetter"]}]}},"_links":{"self":[{"href":"https:\/\/staging-muchbetter.kinsta.cloud\/it\/wp-json\/wp\/v2\/pages\/439","targetHints":{"allow":["GET"]}}],"collection":[{"href":"https:\/\/staging-muchbetter.kinsta.cloud\/it\/wp-json\/wp\/v2\/pages"}],"about":[{"href":"https:\/\/staging-muchbetter.kinsta.cloud\/it\/wp-json\/wp\/v2\/types\/page"}],"author":[{"embeddable":true,"href":"https:\/\/staging-muchbetter.kinsta.cloud\/it\/wp-json\/wp\/v2\/users\/43"}],"replies":[{"embeddable":true,"href":"https:\/\/staging-muchbetter.kinsta.cloud\/it\/wp-json\/wp\/v2\/comments?post=439"}],"version-history":[{"count":10,"href":"https:\/\/staging-muchbetter.kinsta.cloud\/it\/wp-json\/wp\/v2\/pages\/439\/revisions"}],"predecessor-version":[{"id":12972,"href":"https:\/\/staging-muchbetter.kinsta.cloud\/it\/wp-json\/wp\/v2\/pages\/439\/revisions\/12972"}],"wp:attachment":[{"href":"https:\/\/staging-muchbetter.kinsta.cloud\/it\/wp-json\/wp\/v2\/media?parent=439"}],"curies":[{"name":"wp","href":"https:\/\/api.w.org\/{rel}","templated":true}]}}